{"id":540,"date":"2025-05-27T09:58:07","date_gmt":"2025-05-27T06:58:07","guid":{"rendered":"https:\/\/drgokesme.com\/di\/"},"modified":"2025-06-04T11:52:51","modified_gmt":"2025-06-04T08:52:51","slug":"di","status":"publish","type":"page","link":"https:\/\/drgokesme.com\/it\/di\/","title":{"rendered":"Di"},"content":{"rendered":"<h2><strong>Dr. Evren G\u00f6ke\u015fme<\/strong><\/h2>\n<h3>Specialista in Dermatologia<\/h3>\n<p>Ho svolto il mio servizio obbligatorio a Cipro tra il 2007 e il 2010. Tra il 2010 e il 2014 ho completato la mia formazione specialistica presso la Clinica di Dermatologia dell&#8217;Ospedale di Istruzione e Ricerca GATA Haydarpa\u015fa, ottenendo nel 2014 il titolo di &#8220;Specialista in Dermatologia&#8221;.<\/p>\n<p>Dal 2014 al 2016 ho lavorato come capo clinica e medico consulente in un centro medico privato specializzato in Dermatologia Estetica e Cosmetica.<\/p>\n<p>Fin dall&#8217;inizio della mia carriera medica, la Dermatologia Estetica e Cosmetica \u00e8 stata la mia pi\u00f9 grande passione. Per esercitare la mia professione con maggiore libert\u00e0, offrendo ai miei pazienti trattamenti di alta qualit\u00e0 in un settore in continua evoluzione e diversificazione, nel 2016 ho aperto la mia clinica.<\/p>\n<p>Il nostro obiettivo come clinica \u00e8 seguire da vicino le tecnologie e le pubblicazioni scientifiche nel campo della Dermatologia Estetica e Cosmetica, offrendo ai pazienti trattamenti innovativi in un ambiente accogliente.<\/p>\n<p>In ogni fase dei trattamenti che realizziamo, selezioniamo con cura i prodotti e le apparecchiature utilizzate. Perch\u00e9 prendersi cura della salute umana \u00e8 un compito serio.<\/p>\n","protected":false},"excerpt":{"rendered":"<p>Dr. Evren G\u00f6ke\u015fme Specialista in Dermatologia Ho svolto il mio servizio obbligatorio a Cipro tra il 2007 e il 2010. Tra il 2010 e il 2014 ho completato la mia formazione specialistica presso la Clinica di Dermatologia dell&#8217;Ospedale di Istruzione e Ricerca GATA Haydarpa\u015fa, ottenendo nel 2014 il titolo di &#8220;Specialista in Dermatologia&#8221;. Dal 2014 [&hellip;]<\/p>\n","protected":false},"author":1,"featured_media":391,"parent":0,"menu_order":0,"comment_status":"closed","ping_status":"closed","template":"","meta":{"footnotes":""},"class_list":["post-540","page","type-page","status-publish","has-post-thumbnail","hentry"],"_links":{"self":[{"href":"https:\/\/drgokesme.com\/it\/wp-json\/wp\/v2\/pages\/540","targetHints":{"allow":["GET"]}}],"collection":[{"href":"https:\/\/drgokesme.com\/it\/wp-json\/wp\/v2\/pages"}],"about":[{"href":"https:\/\/drgokesme.com\/it\/wp-json\/wp\/v2\/types\/page"}],"author":[{"embeddable":true,"href":"https:\/\/drgokesme.com\/it\/wp-json\/wp\/v2\/users\/1"}],"replies":[{"embeddable":true,"href":"https:\/\/drgokesme.com\/it\/wp-json\/wp\/v2\/comments?post=540"}],"version-history":[{"count":1,"href":"https:\/\/drgokesme.com\/it\/wp-json\/wp\/v2\/pages\/540\/revisions"}],"predecessor-version":[{"id":1312,"href":"https:\/\/drgokesme.com\/it\/wp-json\/wp\/v2\/pages\/540\/revisions\/1312"}],"wp:featuredmedia":[{"embeddable":true,"href":"https:\/\/drgokesme.com\/it\/wp-json\/wp\/v2\/media\/391"}],"wp:attachment":[{"href":"https:\/\/drgokesme.com\/it\/wp-json\/wp\/v2\/media?parent=540"}],"curies":[{"name":"wp","href":"https:\/\/api.w.org\/{rel}","templated":true}]}}