{"id":538,"date":"2025-05-27T09:58:07","date_gmt":"2025-05-27T06:58:07","guid":{"rendered":"https:\/\/drgokesme.com\/um\/"},"modified":"2025-06-04T11:52:40","modified_gmt":"2025-06-04T08:52:40","slug":"um","status":"publish","type":"page","link":"https:\/\/drgokesme.com\/de\/um\/","title":{"rendered":"Um"},"content":{"rendered":"<h2><strong>Dr. Evren G\u00f6ke\u015fme<\/strong><\/h2>\n<h3>Facharzt f\u00fcr Dermatologie<\/h3>\n<p>Zwischen 2007 und 2010 absolvierte ich meinen Pflichtdienst in Zypern. Von 2010 bis 2014 schloss ich meine Facharztausbildung an der Dermatologischen Klinik des GATA Haydarpa\u015fa Ausbildungs- und Forschungskrankenhauses ab und erhielt 2014 den Titel &#8222;Facharzt f\u00fcr Dermatologie&#8220;.<\/p>\n<p>Von 2014 bis 2016 arbeitete ich als Klinikleiter und beratender Arzt in einem privaten medizinischen Zentrum, das auf \u00c4sthetische und Kosmetische Dermatologie spezialisiert ist.<\/p>\n<p>Seit Beginn meiner medizinischen Laufbahn war die \u00c4sthetische und Kosmetische Dermatologie stets meine gr\u00f6\u00dfte Leidenschaft. Um meinen Beruf freier aus\u00fcben zu k\u00f6nnen, der zahlreiche sich st\u00e4ndig weiterentwickelnde und diversifizierende Behandlungen umfasst, und um meinen Patienten einen qualitativ hochwertigeren Service bieten zu k\u00f6nnen, er\u00f6ffnete ich 2016 meine eigene Klinik.<\/p>\n<p>Unser Ziel als Klinik ist es, die neuesten Technologien und wissenschaftlichen Publikationen im Bereich der \u00c4sthetischen und Kosmetischen Dermatologie genau zu verfolgen und unseren Patienten innovative Behandlungen in einer warmen Atmosph\u00e4re anzubieten.<\/p>\n<p>Bei jedem Schritt der von uns durchgef\u00fchrten Behandlungen w\u00e4hlen wir die verwendeten Produkte und Ger\u00e4te mit gr\u00f6\u00dfter Sorgfalt aus. Denn die Arbeit mit der Gesundheit der Menschen ist eine ernsthafte Angelegenheit.<\/p>\n","protected":false},"excerpt":{"rendered":"<p>Dr. Evren G\u00f6ke\u015fme Facharzt f\u00fcr Dermatologie Zwischen 2007 und 2010 absolvierte ich meinen Pflichtdienst in Zypern. Von 2010 bis 2014 schloss ich meine Facharztausbildung an der Dermatologischen Klinik des GATA Haydarpa\u015fa Ausbildungs- und Forschungskrankenhauses ab und erhielt 2014 den Titel &#8222;Facharzt f\u00fcr Dermatologie&#8220;. Von 2014 bis 2016 arbeitete ich als Klinikleiter und beratender Arzt in [&hellip;]<\/p>\n","protected":false},"author":1,"featured_media":390,"parent":0,"menu_order":0,"comment_status":"closed","ping_status":"closed","template":"","meta":{"footnotes":""},"class_list":["post-538","page","type-page","status-publish","has-post-thumbnail","hentry"],"_links":{"self":[{"href":"https:\/\/drgokesme.com\/de\/wp-json\/wp\/v2\/pages\/538","targetHints":{"allow":["GET"]}}],"collection":[{"href":"https:\/\/drgokesme.com\/de\/wp-json\/wp\/v2\/pages"}],"about":[{"href":"https:\/\/drgokesme.com\/de\/wp-json\/wp\/v2\/types\/page"}],"author":[{"embeddable":true,"href":"https:\/\/drgokesme.com\/de\/wp-json\/wp\/v2\/users\/1"}],"replies":[{"embeddable":true,"href":"https:\/\/drgokesme.com\/de\/wp-json\/wp\/v2\/comments?post=538"}],"version-history":[{"count":1,"href":"https:\/\/drgokesme.com\/de\/wp-json\/wp\/v2\/pages\/538\/revisions"}],"predecessor-version":[{"id":556,"href":"https:\/\/drgokesme.com\/de\/wp-json\/wp\/v2\/pages\/538\/revisions\/556"}],"wp:featuredmedia":[{"embeddable":true,"href":"https:\/\/drgokesme.com\/de\/wp-json\/wp\/v2\/media\/390"}],"wp:attachment":[{"href":"https:\/\/drgokesme.com\/de\/wp-json\/wp\/v2\/media?parent=538"}],"curies":[{"name":"wp","href":"https:\/\/api.w.org\/{rel}","templated":true}]}}